{"id":9,"date":"2023-06-15T10:39:07","date_gmt":"2023-06-15T10:39:07","guid":{"rendered":"https:\/\/coacsanmarcos.fin.ec\/newsite\/?page_id=9"},"modified":"2023-12-18T22:37:44","modified_gmt":"2023-12-19T03:37:44","slug":"inicio","status":"publish","type":"page","link":"https:\/\/coacsanmarcos.fin.ec\/newsite\/","title":{"rendered":"Inicio"},"content":{"rendered":"<div id=\"pl-9\"  class=\"panel-layout\" ><div id=\"pg-9-0\"  class=\"panel-grid panel-has-style\" ><div class=\"siteorigin-panels-stretch panel-row-style panel-row-style-for-9-0\" data-stretch-type=\"full-stretched\" ><div id=\"pgc-9-0-0\"  class=\"panel-grid-cell\" ><div id=\"panel-9-0-0-0\" class=\"so-panel widget widget_sow-anything-carousel panel-first-child panel-last-child\" data-index=\"0\" ><div\n\t\t\t\n\t\t\tclass=\"so-widget-sow-anything-carousel so-widget-sow-anything-carousel-base-12b17f2abaf0-9\"\n\t\t\t\n\t\t><div class=\"sow-carousel-title\">\n\t<\/div>\n\n<div class=\"sow-carousel-container \">\n\t\t\t<div class=\"sow-carousel-navigation sow-carousel-navigation-prev sow-carousel-navigation-hidden\">\n\t\t\t\t\t\t<a href=\"#\" class=\"sow-carousel-previous\" title=\"Previous\" aria-label=\"Previous Posts\" role=\"button\"><\/a>\n\t\t\t\t\t<\/div>\n\t\t<div class=\"sow-carousel-wrapper\"\n\t\tdata-dir=\"ltr\"\n\t\tstyle=\"opacity: 0;\"\n\t\tdata-widget=\"anything\" data-item_count=\"4\" data-loop=\"\" data-carousel_settings=\"{&quot;loop&quot;:true,&quot;dots&quot;:true,&quot;animation&quot;:&quot;ease&quot;,&quot;animation_speed&quot;:800,&quot;autoplay&quot;:true,&quot;pauseOnHover&quot;:false,&quot;autoplaySpeed&quot;:8000,&quot;item_overflow&quot;:false,&quot;adaptive_height&quot;:false}\" data-responsive=\"{&quot;desktop_slides_to_scroll&quot;:1,&quot;tablet_landscape_breakpoint&quot;:1366,&quot;tablet_landscape_slides_to_scroll&quot;:1,&quot;tablet_portrait_breakpoint&quot;:1025,&quot;tablet_portrait_slides_to_scroll&quot;:2,&quot;mobile_breakpoint&quot;:480,&quot;mobile_slides_to_scroll&quot;:1,&quot;desktop_slides_to_show&quot;:1,&quot;tablet_landscape_slides_to_show&quot;:1,&quot;tablet_portrait_slides_to_show&quot;:2,&quot;mobile_slides_to_show&quot;:1}\" \t>\n\t\t<div\n\t\t\tclass=\"sow-carousel-items\"\n\t\t\t\t\t>\n\t\t\t\t<div class=\"sow-carousel-item\" tabindex=\"-1\">\n\t\t\n\t\t<div class=\"sow-carousel-content\">\n\t\t\t<a href=\"https:\/\/coacsanmarcos.fin.ec\/newsite\/productos-y-servicios\/inversion\/\"><img loading=\"lazy\" decoding=\"async\" src=\"http:\/\/coacsanmarcos.fin.ec\/newsite\/wp-content\/uploads\/2023\/12\/banners-FUTURO.jpg\" alt=\"\" width=\"1910\" height=\"718\" class=\"alignnone size-full wp-image-471\" srcset=\"https:\/\/coacsanmarcos.fin.ec\/newsite\/wp-content\/uploads\/2023\/12\/banners-FUTURO.jpg 1910w, https:\/\/coacsanmarcos.fin.ec\/newsite\/wp-content\/uploads\/2023\/12\/banners-FUTURO-300x113.jpg 300w, https:\/\/coacsanmarcos.fin.ec\/newsite\/wp-content\/uploads\/2023\/12\/banners-FUTURO-1024x385.jpg 1024w, https:\/\/coacsanmarcos.fin.ec\/newsite\/wp-content\/uploads\/2023\/12\/banners-FUTURO-768x289.jpg 768w, https:\/\/coacsanmarcos.fin.ec\/newsite\/wp-content\/uploads\/2023\/12\/banners-FUTURO-1536x577.jpg 1536w\" sizes=\"auto, (max-width: 1910px) 100vw, 1910px\" \/><\/a>\t\t<\/div>\n\t<\/div>\n\t\t<div class=\"sow-carousel-item\" tabindex=\"-1\">\n\t\t\n\t\t<div class=\"sow-carousel-content\">\n\t\t\t<a href=\"https:\/\/coacsanmarcos.fin.ec\/newsite\/productos-y-servicios\/ahorro\/\"><img loading=\"lazy\" decoding=\"async\" src=\"http:\/\/coacsanmarcos.fin.ec\/newsite\/wp-content\/uploads\/2023\/12\/banners-plazo.jpg\" alt=\"\" width=\"1910\" height=\"718\" class=\"alignnone size-full wp-image-472\" srcset=\"https:\/\/coacsanmarcos.fin.ec\/newsite\/wp-content\/uploads\/2023\/12\/banners-plazo.jpg 1910w, https:\/\/coacsanmarcos.fin.ec\/newsite\/wp-content\/uploads\/2023\/12\/banners-plazo-300x113.jpg 300w, https:\/\/coacsanmarcos.fin.ec\/newsite\/wp-content\/uploads\/2023\/12\/banners-plazo-1024x385.jpg 1024w, https:\/\/coacsanmarcos.fin.ec\/newsite\/wp-content\/uploads\/2023\/12\/banners-plazo-768x289.jpg 768w, https:\/\/coacsanmarcos.fin.ec\/newsite\/wp-content\/uploads\/2023\/12\/banners-plazo-1536x577.jpg 1536w\" sizes=\"auto, (max-width: 1910px) 100vw, 1910px\" \/><\/a>\t\t<\/div>\n\t<\/div>\n\t\t<div class=\"sow-carousel-item\" tabindex=\"-1\">\n\t\t\n\t\t<div class=\"sow-carousel-content\">\n\t\t\t<a href=\"https:\/\/coacsanmarcos.fin.ec\/newsite\/productos-y-servicios\/credito\/\"><img loading=\"lazy\" decoding=\"async\" src=\"http:\/\/coacsanmarcos.fin.ec\/newsite\/wp-content\/uploads\/2023\/12\/banners-sonos.jpg\" alt=\"\" width=\"1910\" height=\"718\" class=\"alignnone size-full wp-image-473\" srcset=\"https:\/\/coacsanmarcos.fin.ec\/newsite\/wp-content\/uploads\/2023\/12\/banners-sonos.jpg 1910w, https:\/\/coacsanmarcos.fin.ec\/newsite\/wp-content\/uploads\/2023\/12\/banners-sonos-300x113.jpg 300w, https:\/\/coacsanmarcos.fin.ec\/newsite\/wp-content\/uploads\/2023\/12\/banners-sonos-1024x385.jpg 1024w, https:\/\/coacsanmarcos.fin.ec\/newsite\/wp-content\/uploads\/2023\/12\/banners-sonos-768x289.jpg 768w, https:\/\/coacsanmarcos.fin.ec\/newsite\/wp-content\/uploads\/2023\/12\/banners-sonos-1536x577.jpg 1536w\" sizes=\"auto, (max-width: 1910px) 100vw, 1910px\" \/><\/a>\t\t<\/div>\n\t<\/div>\n\t\t<div class=\"sow-carousel-item\" tabindex=\"-1\">\n\t\t\n\t\t<div class=\"sow-carousel-content\">\n\t\t\t<p><img decoding=\"async\" src=\"https:\/\/coacsanmarcos.fin.ec\/newsite\/wp-content\/uploads\/2023\/06\/bannercosede.jpg\" \/><\/p>\n\t\t<\/div>\n\t<\/div>\n\t\t\t<\/div>\n\t\t\t<\/div>\n\n\t\t\t<div class=\"sow-carousel-navigation sow-carousel-navigation-next sow-carousel-navigation-hidden\">\n\t\t\t\t\t\t<a href=\"#\" class=\"sow-carousel-next\" title=\"Next\" aria-label=\"Next Posts\" role=\"button\"><\/a>\n\t\t\t\t\t<\/div>\n\t<\/div>\n<\/div><\/div><\/div><\/div><\/div><div id=\"pg-9-1\"  class=\"panel-grid panel-has-style\" ><div class=\"white_t siteorigin-panels-stretch panel-row-style panel-row-style-for-9-1\" data-stretch-type=\"full\" ><div id=\"pgc-9-1-0\"  class=\"panel-grid-cell\" ><div id=\"panel-9-1-0-0\" class=\"so-panel widget widget_black-studio-tinymce widget_black_studio_tinymce panel-first-child\" data-index=\"1\" ><div class=\"white_c panel-widget-style panel-widget-style-for-9-1-0-0\" ><div class=\"textwidget\"><h1 style=\"text-align: center; color: #b6b951; font-weight: light;\">PROPUESTA DE VALOR<\/h1>\n<\/div><\/div><\/div><div id=\"panel-9-1-0-1\" class=\"so-panel widget widget_black-studio-tinymce widget_black_studio_tinymce panel-last-child\" data-index=\"2\" ><div class=\"white_c panel-widget-style panel-widget-style-for-9-1-0-1\" ><div class=\"textwidget\"><h5>Enfocamos nuestra atenci\u00f3n en la confianza y cercan\u00eda que cultivamos con nuestros socios, proporcionando un trato c\u00e1lido y asesoramiento financiero especializado. Juntos, tomamos decisiones informadas para potenciar su capacidad de ahorro y crecimiento patrimonial.<\/h5>\n<p><a href=\"https:\/\/coacsanmarcos.fin.ec\/newsite\/nosotros\/\"><\/p>\n<h6 style=\"color: #97be5a; border-bottom: 3px solid #1f3b6c; display: inline-block\">CONOCE M\u00c1S<\/h6>\n<p><\/a><\/p>\n<\/div><\/div><\/div><\/div><\/div><\/div><div id=\"pg-9-2\"  class=\"panel-grid panel-has-style\" ><div class=\"center_align siteorigin-panels-stretch panel-row-style panel-row-style-for-9-2\" data-stretch-type=\"full\" ><div id=\"pgc-9-2-0\"  class=\"panel-grid-cell\" ><div id=\"panel-9-2-0-0\" class=\"so-panel widget widget_black-studio-tinymce widget_black_studio_tinymce panel-first-child panel-last-child\" data-index=\"3\" ><div class=\"textwidget\"><h1 style=\"color: #e7a749; border-bottom: 3px solid #97be5a; display: inline-block\">AHORRO<\/h1>\n<h5>S\u00c9 PARTE DE NUESTRA PROPUESTA DE VALOR<\/h5>\n<h5 style=\"color: #97be5a\">Ahorra con facilidad para cumplir tus sue\u00f1os.<\/h5>\n<\/div><\/div><\/div><\/div><\/div><div id=\"pg-9-3\"  class=\"panel-grid panel-has-style\" ><div class=\"white_t siteorigin-panels-stretch panel-row-style panel-row-style-for-9-3\" data-stretch-type=\"full-stretched\" ><div id=\"pgc-9-3-0\"  class=\"panel-grid-cell panel-grid-cell-empty\" ><div class=\"panel-cell-style panel-cell-style-for-9-3-0\" ><\/div><\/div><div id=\"pgc-9-3-1\"  class=\"panel-grid-cell\" ><div id=\"panel-9-3-1-0\" class=\"so-panel widget widget_siteorigin-panels-builder panel-first-child panel-last-child\" data-index=\"4\" ><div class=\"panel-widget-style panel-widget-style-for-9-3-1-0\" ><div id=\"pl-w655e0f2b0fae0\"  class=\"panel-layout\" ><div id=\"pg-w655e0f2b0fae0-0\"  class=\"panel-grid panel-no-style\" ><div id=\"pgc-w655e0f2b0fae0-0-0\"  class=\"panel-grid-cell\" ><div id=\"panel-w655e0f2b0fae0-0-0-0\" class=\"so-panel widget widget_black-studio-tinymce widget_black_studio_tinymce panel-first-child\" data-index=\"0\" ><div class=\"panel-widget-style panel-widget-style-for-w655e0f2b0fae0-0-0-0\" ><div class=\"textwidget\"><h3 style=\"color: #97be5a;\">AHORRO PROGRAMADO<\/h3>\n<h5>Sin monto m\u00ednimo, empieza a ahorrar hoy mismo<br \/>\ny cumple tus metas<\/h5>\n<\/div><\/div><\/div><div id=\"panel-w655e0f2b0fae0-0-0-1\" class=\"so-panel widget widget_sow-button panel-last-child\" data-index=\"1\" ><div\n\t\t\t\n\t\t\tclass=\"so-widget-sow-button so-widget-sow-button-flat-2d1d3b354891\"\n\t\t\t\n\t\t><div class=\"ow-button-base ow-button-align-left\">\n\t<a\n\thref=\"https:\/\/wa.link\/l8h5lu\"\n\t\tclass=\"ow-icon-placement-left ow-button-hover\" \t>\n\t\t<span>\n\t\t\t\n\t\t\tCalcula tu meta\t\t<\/span>\n\t<\/a>\n<\/div>\n<\/div><\/div><\/div><\/div><\/div><\/div><\/div><\/div><\/div><\/div><div id=\"pg-9-4\"  class=\"panel-grid panel-has-style\" ><div class=\"siteorigin-panels-stretch panel-row-style panel-row-style-for-9-4\" data-stretch-type=\"full-stretched\" ><div id=\"pgc-9-4-0\"  class=\"panel-grid-cell panel-grid-cell-mobile-last\" ><div id=\"panel-9-4-0-0\" class=\"so-panel widget widget_siteorigin-panels-builder panel-first-child panel-last-child\" data-index=\"5\" ><div class=\"panel-widget-style panel-widget-style-for-9-4-0-0\" ><div id=\"pl-w655e0f2b18147\"  class=\"panel-layout\" ><div id=\"pg-w655e0f2b18147-0\"  class=\"panel-grid panel-no-style\" ><div id=\"pgc-w655e0f2b18147-0-0\"  class=\"panel-grid-cell\" ><div id=\"panel-w655e0f2b18147-0-0-0\" class=\"so-panel widget widget_black-studio-tinymce widget_black_studio_tinymce panel-first-child\" data-index=\"0\" ><div class=\"panel-widget-style panel-widget-style-for-w655e0f2b18147-0-0-0\" ><div class=\"textwidget\"><h3 style=\"color: #1a3c70;\">PLAZO FIJO<\/h3>\n<h5 style=\"color: #000\">Las mejores tasas del mercado, nos ajustamos a<br \/>\ntus necesidades.<\/h5>\n<\/div><\/div><\/div><div id=\"panel-w655e0f2b18147-0-0-1\" class=\"so-panel widget widget_sow-button panel-last-child\" data-index=\"1\" ><div\n\t\t\t\n\t\t\tclass=\"so-widget-sow-button so-widget-sow-button-flat-2d1d3b354891\"\n\t\t\t\n\t\t><div class=\"ow-button-base ow-button-align-left\">\n\t<a\n\thref=\"https:\/\/wa.link\/l8h5lu\"\n\t\tclass=\"ow-icon-placement-left ow-button-hover\" \t>\n\t\t<span>\n\t\t\t\n\t\t\tInvierte tus ahorros\t\t<\/span>\n\t<\/a>\n<\/div>\n<\/div><\/div><\/div><\/div><\/div><\/div><\/div><\/div><div id=\"pgc-9-4-1\"  class=\"panel-grid-cell panel-grid-cell-empty\" ><div class=\"panel-cell-style panel-cell-style-for-9-4-1\" ><\/div><\/div><\/div><\/div><div id=\"pg-9-5\"  class=\"panel-grid panel-has-style\" ><div class=\"center_align siteorigin-panels-stretch panel-row-style panel-row-style-for-9-5\" data-stretch-type=\"full\" ><div id=\"pgc-9-5-0\"  class=\"panel-grid-cell\" ><div id=\"panel-9-5-0-0\" class=\"so-panel widget widget_black-studio-tinymce widget_black_studio_tinymce panel-first-child\" data-index=\"6\" ><div class=\"textwidget\"><h1 style=\"color: #e7a749; border-bottom: 3px solid #97be5a; display: inline-block\">CR\u00c9DITO<\/h1>\n<h5>CREEMOS EN TI Y EN TUS PROYECTOS<\/h5>\n<h5 style=\"color: #97be5a\">Cr\u00e9ditos a medida, en menor tiempo <\/h5>\n<\/div><\/div><div id=\"panel-9-5-0-1\" class=\"so-panel widget widget_sow-button panel-last-child\" data-index=\"7\" ><div\n\t\t\t\n\t\t\tclass=\"so-widget-sow-button so-widget-sow-button-flat-36aca3288ee1-9\"\n\t\t\t\n\t\t><div class=\"ow-button-base ow-button-align-center\">\n\t<a\n\thref=\"https:\/\/wa.link\/l8h5lu\"\n\t\tclass=\"ow-icon-placement-left ow-button-hover\" \t>\n\t\t<span>\n\t\t\t\n\t\t\tQuiero un cr\u00e9dito\t\t<\/span>\n\t<\/a>\n<\/div>\n<\/div><\/div><\/div><\/div><\/div><div id=\"pg-9-6\"  class=\"panel-grid panel-has-style\" ><div class=\"white_t center_align siteorigin-panels-stretch panel-row-style panel-row-style-for-9-6\" data-stretch-type=\"full\" ><div id=\"pgc-9-6-0\"  class=\"panel-grid-cell\" ><div id=\"panel-9-6-0-0\" class=\"so-panel widget widget_siteorigin-panels-builder panel-first-child panel-last-child\" data-index=\"8\" ><div class=\"panel-widget-style panel-widget-style-for-9-6-0-0\" ><div id=\"pl-w656d3bcf9de65\"  class=\"panel-layout\" ><div id=\"pg-w656d3bcf9de65-0\"  class=\"panel-grid panel-no-style\" ><div id=\"pgc-w656d3bcf9de65-0-0\"  class=\"panel-grid-cell\" ><div id=\"panel-w656d3bcf9de65-0-0-0\" class=\"so-panel widget widget_black-studio-tinymce widget_black_studio_tinymce panel-first-child\" data-index=\"0\" ><div class=\"panel-widget-style panel-widget-style-for-w656d3bcf9de65-0-0-0\" ><div class=\"textwidget\"><h3 style=\"color: #fff; border-bottom: 3px solid #97be5a; display: inline-block\">MICROCR\u00c9DITO<\/h6>\n<p style=\"color: #97be5a\">Cr\u00e9ditos de hasta USD 20.000,00 enfocados a financiar actividades de producci\u00f3n y comercializaci\u00f3n.<\/p>\n<p>REQUISITOS<\/p>\n<h5 style=\"color: #dda549; font-size: 18px; list-style: inside;\">\n&bull; Apertura de cuenta<br \/>\n&bull; Copia de c\u00e9dula y papeleta de votaci\u00f3n<br \/>\n&bull; Planilla de servicio b\u00e1sico<br \/>\n&bull; Justificaci\u00f3n de actividad<br \/>\n&bull; Justificaci\u00f3n de ingresos<br \/>\n<\/h5>\n<\/div><\/div><\/div><div id=\"panel-w656d3bcf9de65-0-0-1\" class=\"so-panel widget widget_sow-button panel-last-child\" data-index=\"1\" ><div\n\t\t\t\n\t\t\tclass=\"so-widget-sow-button so-widget-sow-button-flat-189b8554538f\"\n\t\t\t\n\t\t><div class=\"ow-button-base ow-button-align-center\">\n\t<a\n\thref=\"#\"\n\t\tclass=\"ow-icon-placement-left ow-button-hover\" \t>\n\t\t<span>\n\t\t\t\n\t\t\tSolicitar\t\t<\/span>\n\t<\/a>\n<\/div>\n<\/div><\/div><\/div><\/div><\/div><\/div><\/div><\/div><div id=\"pgc-9-6-1\"  class=\"panel-grid-cell\" ><div id=\"panel-9-6-1-0\" class=\"so-panel widget widget_siteorigin-panels-builder panel-first-child panel-last-child\" data-index=\"9\" ><div class=\"panel-widget-style panel-widget-style-for-9-6-1-0\" ><div id=\"pl-w656d3bcf9e10f\"  class=\"panel-layout\" ><div id=\"pg-w656d3bcf9e10f-0\"  class=\"panel-grid panel-no-style\" ><div id=\"pgc-w656d3bcf9e10f-0-0\"  class=\"panel-grid-cell\" ><div id=\"panel-w656d3bcf9e10f-0-0-0\" class=\"so-panel widget widget_black-studio-tinymce widget_black_studio_tinymce panel-first-child\" data-index=\"0\" ><div class=\"panel-widget-style panel-widget-style-for-w656d3bcf9e10f-0-0-0\" ><div class=\"textwidget\"><h3 style=\"color: #fff; border-bottom: 3px solid #97be5a; display: inline-block\">CONSUMO<\/h3>\n<p style=\"color: #97be5a\">Cr\u00e9ditos de hasta USD 20.000,00 enfocados a financiar compras de bienes, servicos no productivos<\/p>\n<p>REQUISITOS<\/p>\n<h5 style=\"color: #dda549; font-size: 18px;\">\n&bull; Apertura de cuenta<br \/>\n&bull; Copia de c\u00e9dula y papeleta de votaci\u00f3n<br \/>\n&bull; Planilla de servicio b\u00e1sico<br \/>\n&bull; Mecanizado del IESS<br \/>\n&bull; Rol de pagos \/ certificado de trabajo<br \/>\n<\/h5>\n<\/div><\/div><\/div><div id=\"panel-w656d3bcf9e10f-0-0-1\" class=\"so-panel widget widget_sow-button panel-last-child\" data-index=\"1\" ><div\n\t\t\t\n\t\t\tclass=\"so-widget-sow-button so-widget-sow-button-flat-36aca3288ee1\"\n\t\t\t\n\t\t><div class=\"ow-button-base ow-button-align-center\">\n\t<a\n\thref=\"#\"\n\t\tclass=\"ow-icon-placement-left ow-button-hover\" \t>\n\t\t<span>\n\t\t\t\n\t\t\tSolicitar\t\t<\/span>\n\t<\/a>\n<\/div>\n<\/div><\/div><\/div><\/div><\/div><\/div><\/div><\/div><div id=\"pgc-9-6-2\"  class=\"panel-grid-cell\" ><div id=\"panel-9-6-2-0\" class=\"so-panel widget widget_siteorigin-panels-builder panel-first-child panel-last-child\" data-index=\"10\" ><div class=\"panel-widget-style panel-widget-style-for-9-6-2-0\" ><div id=\"pl-w656d3bf7bff48\"  class=\"panel-layout\" ><div id=\"pg-w656d3bf7bff48-0\"  class=\"panel-grid panel-no-style\" ><div id=\"pgc-w656d3bf7bff48-0-0\"  class=\"panel-grid-cell\" ><div id=\"panel-w656d3bf7bff48-0-0-0\" class=\"so-panel widget widget_black-studio-tinymce widget_black_studio_tinymce panel-first-child\" data-index=\"0\" ><div class=\"panel-widget-style panel-widget-style-for-w656d3bf7bff48-0-0-0\" ><div class=\"textwidget\"><h3 style=\"color: #fff; border-bottom: 3px solid #97be5a; display: inline-block\">CREDI EXPRESS<\/h3>\n<p style=\"color: #97be5a\">Linea de credito pre aprobada para socios AAA, cubre hasta 3 veces el monto de tus certificados de aportaci\u00f3n.<\/p>\n<p>REQUISITOS<\/p>\n<h5 style=\"color: #dda549; font-size: 18px;\">\n&bull; Socio Activo<br \/>\n&bull; Mantener certificados de aportaci\u00f3n superiores al valor m\u00ednimo<br \/>\n<\/h5>\n<\/div><\/div><\/div><div id=\"panel-w656d3bf7bff48-0-0-1\" class=\"so-panel widget widget_sow-button panel-last-child\" data-index=\"1\" ><div\n\t\t\t\n\t\t\tclass=\"so-widget-sow-button so-widget-sow-button-flat-36aca3288ee1\"\n\t\t\t\n\t\t><div class=\"ow-button-base ow-button-align-center\">\n\t<a\n\thref=\"#\"\n\t\tclass=\"ow-icon-placement-left ow-button-hover\" \t>\n\t\t<span>\n\t\t\t\n\t\t\tSolicitar\t\t<\/span>\n\t<\/a>\n<\/div>\n<\/div><\/div><\/div><\/div><\/div><\/div><\/div><\/div><\/div><\/div><\/div>","protected":false},"excerpt":{"rendered":"<p>PROPUESTA DE VALOR Enfocamos nuestra atenci\u00f3n en la confianza y cercan\u00eda que cultivamos con nuestros&#8230;<\/p>\n","protected":false},"author":1,"featured_media":0,"parent":0,"menu_order":0,"comment_status":"closed","ping_status":"closed","template":"","meta":{"footnotes":""},"class_list":["post-9","page","type-page","status-publish","hentry"],"_links":{"self":[{"href":"https:\/\/coacsanmarcos.fin.ec\/newsite\/wp-json\/wp\/v2\/pages\/9","targetHints":{"allow":["GET"]}}],"collection":[{"href":"https:\/\/coacsanmarcos.fin.ec\/newsite\/wp-json\/wp\/v2\/pages"}],"about":[{"href":"https:\/\/coacsanmarcos.fin.ec\/newsite\/wp-json\/wp\/v2\/types\/page"}],"author":[{"embeddable":true,"href":"https:\/\/coacsanmarcos.fin.ec\/newsite\/wp-json\/wp\/v2\/users\/1"}],"replies":[{"embeddable":true,"href":"https:\/\/coacsanmarcos.fin.ec\/newsite\/wp-json\/wp\/v2\/comments?post=9"}],"version-history":[{"count":208,"href":"https:\/\/coacsanmarcos.fin.ec\/newsite\/wp-json\/wp\/v2\/pages\/9\/revisions"}],"predecessor-version":[{"id":56,"href":"https:\/\/coacsanmarcos.fin.ec\/newsite\/wp-json\/wp\/v2\/pages\/9\/revisions\/56"}],"wp:attachment":[{"href":"https:\/\/coacsanmarcos.fin.ec\/newsite\/wp-json\/wp\/v2\/media?parent=9"}],"curies":[{"name":"wp","href":"https:\/\/api.w.org\/{rel}","templated":true}]}}